{"id":103,"date":"2024-06-12T22:00:49","date_gmt":"2024-06-12T20:00:49","guid":{"rendered":"https:\/\/nmsstpoelten-viehofen.ac.at\/?page_id=103"},"modified":"2024-06-12T22:00:49","modified_gmt":"2024-06-12T20:00:49","slug":"aufgaben-des-elternvereins","status":"publish","type":"page","link":"https:\/\/nmsstpoelten-viehofen.ac.at\/?page_id=103","title":{"rendered":"Aufgaben des Elternvereins"},"content":{"rendered":"\n<p>1. Der Elternverein stellt durch die Zusammenarbeit vieler eine bew\u00e4hrte M\u00f6glichkeit zum gemeinsamen Handeln dar und ist ein Bindeglied zwischen Schule und Elternhaus.<\/p>\n\n\n\n<p>2. Der Elternverein kann Einblicke auf Erl\u00e4sse nehmen. Er hat das Recht auf Information \u00fcber das Schulgeschehen.<\/p>\n\n\n\n<p>3. Der Elternverein kann der Schulleitung bzw. den KlassenlehrerInnen W\u00fcnsche, Vorschl\u00e4ge, aber auch Beschwerden mitteilen.<\/p>\n\n\n\n<p>4. Der Elternverein hilft bei Schulveranstaltungen. Der Elternverein unterst\u00fctzt die Klassenelternvertreter bei der Wahrnehmung ihrer Aufgaben.<\/p>\n\n\n\n<p>5. Der Elternverein unterst\u00fctzt Ausfl\u00fcge, Schikurse und \u00e4hnliche Schulveranstaltungen.<\/p>\n\n\n\n<p>6. Der Elternverein kauft zus\u00e4tzliches Unterrichtsmaterial an, das vom Schulerhalter nicht finanziert werden kann.<\/p>\n","protected":false},"excerpt":{"rendered":"<p>1. Der Elternverein stellt durch die Zusammenarbeit vieler eine bew\u00e4hrte M\u00f6glichkeit zum gemeinsamen Handeln dar und ist ein Bindeglied zwischen Schule und Elternhaus. 2. Der Elternverein kann Einblicke auf Erl\u00e4sse nehmen. Er hat das Recht auf Information \u00fcber das Schulgeschehen. 3. Der Elternverein kann der Schulleitung bzw. den KlassenlehrerInnen W\u00fcnsche, Vorschl\u00e4ge, aber auch Beschwerden mitteilen.&hellip;<\/p>\n<p class=\"more-link\"><a href=\"https:\/\/nmsstpoelten-viehofen.ac.at\/?page_id=103\" class=\"themebutton2\">Read More<\/a><\/p>\n","protected":false},"author":1,"featured_media":0,"parent":0,"menu_order":0,"comment_status":"closed","ping_status":"closed","template":"","meta":{"footnotes":""},"class_list":["post-103","page","type-page","status-publish","hentry"],"_links":{"self":[{"href":"https:\/\/nmsstpoelten-viehofen.ac.at\/index.php?rest_route=\/wp\/v2\/pages\/103","targetHints":{"allow":["GET"]}}],"collection":[{"href":"https:\/\/nmsstpoelten-viehofen.ac.at\/index.php?rest_route=\/wp\/v2\/pages"}],"about":[{"href":"https:\/\/nmsstpoelten-viehofen.ac.at\/index.php?rest_route=\/wp\/v2\/types\/page"}],"author":[{"embeddable":true,"href":"https:\/\/nmsstpoelten-viehofen.ac.at\/index.php?rest_route=\/wp\/v2\/users\/1"}],"replies":[{"embeddable":true,"href":"https:\/\/nmsstpoelten-viehofen.ac.at\/index.php?rest_route=%2Fwp%2Fv2%2Fcomments&post=103"}],"version-history":[{"count":1,"href":"https:\/\/nmsstpoelten-viehofen.ac.at\/index.php?rest_route=\/wp\/v2\/pages\/103\/revisions"}],"predecessor-version":[{"id":104,"href":"https:\/\/nmsstpoelten-viehofen.ac.at\/index.php?rest_route=\/wp\/v2\/pages\/103\/revisions\/104"}],"wp:attachment":[{"href":"https:\/\/nmsstpoelten-viehofen.ac.at\/index.php?rest_route=%2Fwp%2Fv2%2Fmedia&parent=103"}],"curies":[{"name":"wp","href":"https:\/\/api.w.org\/{rel}","templated":true}]}}