{"id":107,"date":"2024-06-12T22:03:34","date_gmt":"2024-06-12T20:03:34","guid":{"rendered":"https:\/\/nmsstpoelten-viehofen.ac.at\/?page_id=107"},"modified":"2024-06-12T22:03:34","modified_gmt":"2024-06-12T20:03:34","slug":"rechte-und-pflichten","status":"publish","type":"page","link":"https:\/\/nmsstpoelten-viehofen.ac.at\/?page_id=107","title":{"rendered":"Rechte und Pflichten"},"content":{"rendered":"\n<p><strong>\u00a7 61 SchUG (Schulunterrichtsgesetz)<\/strong><\/p>\n\n\n\n<p><strong>Rechte und Pflichten der Erziehungsberechtigten<\/strong><\/p>\n\n\n\n<p>(1)&nbsp;&nbsp; Die Erziehungsberechtigten haben das Recht und die Pflicht, die Unterrichts- und Erziehungsarbeit der Schule zu unterst\u00fctzen. Sie haben das Recht auf Anh\u00f6rung sowie die Abgabe von Vorschl\u00e4gen und Stellungnahmen. Sie sind verpflichtet, die Sch\u00fcler mit den erforderlichen Unterrichtsmitteln auszustatten und auf die gewissenhafte Erf\u00fcllung der sich aus dem Schulbesuch ergebenden Pflichten des Sch\u00fclers hinzuwirken sowie zur F\u00f6rderung der Schulgemeinschaft (\u00a7 2) beizutragen.<\/p>\n\n\n\n<p>(2)&nbsp;&nbsp; Unbeschadet des Vertretungsrechtes der Erziehungsberechtigten gem\u00e4\u00df \u00a7 67 sowie der T\u00e4tigkeit des Elternvereines im Sinne des \u00a7 63 haben die Erziehungsberechtigten das Recht auf Interessenvertretung gegen\u00fcber den Lehrern, dem Schulleiter (Abteilungsvorstand) und den Schulbeh\u00f6rden durch die Klassenelternvertreter (\u00a7 63a Abs. 5) bzw. durch Vertreter im Schulgemeinschaftsausschuss (\u00a7 64 Abs. 6).<\/p>\n\n\n\n<p>Diese haben folgende Rechte:<\/p>\n\n\n\n<p><em>1. Mitwirkungsrechte<\/em><br>a) das Recht auf Anh\u00f6rung<br>b) das Recht auf Information \u00fcber alle Angelegenheiten, die die Eltern und Sch\u00fcler allgemein betreffen,<br>c) das Recht auf Abgabe von Vorschl\u00e4gen und Stellungnahmen,<br>d) das Recht auf Teilnahme an Lehrerkonferenzen, ausgenommen Beratungen und Beschlussfassungen \u00fcber die Angelegenheiten der Leistungsbeurteilung einzelner Sch\u00fcler und des \u00a7 20 Abs. 6, \u00a7 25, \u00a7 31b und des \u00a7 31c sowie \u00fcber dienstrechtliche Angelegenheiten der Lehrer und ausgenommen die Teilnahme an Lehrerkonferenzen zur Wahl von Lehrervertretern! Dieses Recht besteht nicht an Schulen, an denen Klassenforen einzurichten sind (\u00a7 63a Abs. 1),<br>e) das Recht auf Stellungnahme bei der Wahl von Unterrichtsmitteln;<\/p>\n\n\n\n<p><em>2. Mitbestimmungsrechte:<\/em><br>a) das Recht auf Mitentscheidung bei der Androhung des Antrages auf Ausschluss,<br>b) das Recht auf Mitentscheidung bei der Antragstellung auf Ausschluss eines Sch\u00fclers,<br>c) das Recht auf Mitentscheidung bei der Festlegung von Unterrichtsmitteln.<\/p>\n\n\n\n<p>(3)&nbsp;&nbsp; Die Erziehungsberechtigten haben die f\u00fcr die F\u00fchrung der Amtsschriften der Schule erforderlichen Dokumente vorzulegen und Ausk\u00fcnfte zu geben sowie erhebliche \u00c4nderungen dieser Angaben unverz\u00fcglich der Schule mitzuteilen.<\/p>\n\n\n\n<hr class=\"wp-block-separator has-alpha-channel-opacity\" id=\"mce-hr-marker\"\/>\n\n\n\n<p>Den gesamten Text des Schulunterrichtsgesetzes (SchUG) k\u00f6nnen Sie\u00a0<strong>hier<\/strong>\u00a0nachlesen.<\/p>\n","protected":false},"excerpt":{"rendered":"<p>\u00a7 61 SchUG (Schulunterrichtsgesetz) Rechte und Pflichten der Erziehungsberechtigten (1)&nbsp;&nbsp; Die Erziehungsberechtigten haben das Recht und die Pflicht, die Unterrichts- und Erziehungsarbeit der Schule zu unterst\u00fctzen. Sie haben das Recht auf Anh\u00f6rung sowie die Abgabe von Vorschl\u00e4gen und Stellungnahmen. Sie sind verpflichtet, die Sch\u00fcler mit den erforderlichen Unterrichtsmitteln auszustatten und auf die gewissenhafte Erf\u00fcllung der&hellip;<\/p>\n<p class=\"more-link\"><a href=\"https:\/\/nmsstpoelten-viehofen.ac.at\/?page_id=107\" class=\"themebutton2\">Read More<\/a><\/p>\n","protected":false},"author":1,"featured_media":0,"parent":0,"menu_order":0,"comment_status":"closed","ping_status":"closed","template":"","meta":{"footnotes":""},"class_list":["post-107","page","type-page","status-publish","hentry"],"_links":{"self":[{"href":"https:\/\/nmsstpoelten-viehofen.ac.at\/index.php?rest_route=\/wp\/v2\/pages\/107","targetHints":{"allow":["GET"]}}],"collection":[{"href":"https:\/\/nmsstpoelten-viehofen.ac.at\/index.php?rest_route=\/wp\/v2\/pages"}],"about":[{"href":"https:\/\/nmsstpoelten-viehofen.ac.at\/index.php?rest_route=\/wp\/v2\/types\/page"}],"author":[{"embeddable":true,"href":"https:\/\/nmsstpoelten-viehofen.ac.at\/index.php?rest_route=\/wp\/v2\/users\/1"}],"replies":[{"embeddable":true,"href":"https:\/\/nmsstpoelten-viehofen.ac.at\/index.php?rest_route=%2Fwp%2Fv2%2Fcomments&post=107"}],"version-history":[{"count":1,"href":"https:\/\/nmsstpoelten-viehofen.ac.at\/index.php?rest_route=\/wp\/v2\/pages\/107\/revisions"}],"predecessor-version":[{"id":108,"href":"https:\/\/nmsstpoelten-viehofen.ac.at\/index.php?rest_route=\/wp\/v2\/pages\/107\/revisions\/108"}],"wp:attachment":[{"href":"https:\/\/nmsstpoelten-viehofen.ac.at\/index.php?rest_route=%2Fwp%2Fv2%2Fmedia&parent=107"}],"curies":[{"name":"wp","href":"https:\/\/api.w.org\/{rel}","templated":true}]}}