{"id":156,"date":"2024-06-13T19:23:10","date_gmt":"2024-06-13T17:23:10","guid":{"rendered":"https:\/\/nmsstpoelten-viehofen.ac.at\/?page_id=156"},"modified":"2024-06-17T20:25:53","modified_gmt":"2024-06-17T18:25:53","slug":"bibliothek","status":"publish","type":"page","link":"https:\/\/nmsstpoelten-viehofen.ac.at\/?page_id=156","title":{"rendered":"Bibliothek"},"content":{"rendered":"<div class=\"wp-block-image\">\n<figure class=\"aligncenter size-full is-resized\"><img loading=\"lazy\" decoding=\"async\" width=\"481\" height=\"640\" src=\"https:\/\/nmsstpoelten-viehofen.ac.at\/wp-content\/uploads\/2024\/06\/Bibliothek-suchen-1.jpg\" alt=\"\" class=\"wp-image-160\" style=\"width:189px;height:auto\" srcset=\"https:\/\/nmsstpoelten-viehofen.ac.at\/wp-content\/uploads\/2024\/06\/Bibliothek-suchen-1.jpg 481w, https:\/\/nmsstpoelten-viehofen.ac.at\/wp-content\/uploads\/2024\/06\/Bibliothek-suchen-1-225x300.jpg 225w\" sizes=\"auto, (max-width: 481px) 100vw, 481px\" \/><\/figure>\n<\/div>\n\n\n<p><\/p>\n\n\n\n<div class=\"wp-block-group is-nowrap is-layout-flex wp-container-core-group-is-layout-ad2f72ca wp-block-group-is-layout-flex\">\n<p>Wer h\u00e4tte gedacht, dass es in unserer Schule eine magische Schulbibliothek gibt, in der die B\u00fccher zum Leben erwachen. Naja, das w\u00e4re dann doch etwas \u00fcbertrieben, aber ja &#8211; bei uns gibt es eine kleine feine Bibliothek mit vielen B\u00fcchern.<\/p>\n<\/div>\n\n\n\n<p>Sie ist unser Schatzhaus voller Geschichten und Informationen \u2013 ein besonderer Ort, weil man hier in ferne Welten reisen, Abenteuer erleben, Monstern begegnen und wundervollen Liebesgeschichten folgen kann.<\/p>\n\n\n\n<p>Unsere B\u00fccher stehen in Regalen, ordentlich nebeneinander und warten darauf, von euch entdeckt zu werden.<\/p>\n","protected":false},"excerpt":{"rendered":"<p>Wer h\u00e4tte gedacht, dass es in unserer Schule eine magische Schulbibliothek gibt, in der die B\u00fccher zum Leben erwachen. Naja, das w\u00e4re dann doch etwas \u00fcbertrieben, aber ja &#8211; bei uns gibt es eine kleine feine Bibliothek mit vielen B\u00fcchern. Sie ist unser Schatzhaus voller Geschichten und Informationen \u2013 ein besonderer Ort, weil man hier&hellip;<\/p>\n<p class=\"more-link\"><a href=\"https:\/\/nmsstpoelten-viehofen.ac.at\/?page_id=156\" class=\"themebutton2\">Read More<\/a><\/p>\n","protected":false},"author":1,"featured_media":0,"parent":0,"menu_order":0,"comment_status":"closed","ping_status":"closed","template":"","meta":{"footnotes":""},"class_list":["post-156","page","type-page","status-publish","hentry"],"_links":{"self":[{"href":"https:\/\/nmsstpoelten-viehofen.ac.at\/index.php?rest_route=\/wp\/v2\/pages\/156","targetHints":{"allow":["GET"]}}],"collection":[{"href":"https:\/\/nmsstpoelten-viehofen.ac.at\/index.php?rest_route=\/wp\/v2\/pages"}],"about":[{"href":"https:\/\/nmsstpoelten-viehofen.ac.at\/index.php?rest_route=\/wp\/v2\/types\/page"}],"author":[{"embeddable":true,"href":"https:\/\/nmsstpoelten-viehofen.ac.at\/index.php?rest_route=\/wp\/v2\/users\/1"}],"replies":[{"embeddable":true,"href":"https:\/\/nmsstpoelten-viehofen.ac.at\/index.php?rest_route=%2Fwp%2Fv2%2Fcomments&post=156"}],"version-history":[{"count":4,"href":"https:\/\/nmsstpoelten-viehofen.ac.at\/index.php?rest_route=\/wp\/v2\/pages\/156\/revisions"}],"predecessor-version":[{"id":212,"href":"https:\/\/nmsstpoelten-viehofen.ac.at\/index.php?rest_route=\/wp\/v2\/pages\/156\/revisions\/212"}],"wp:attachment":[{"href":"https:\/\/nmsstpoelten-viehofen.ac.at\/index.php?rest_route=%2Fwp%2Fv2%2Fmedia&parent=156"}],"curies":[{"name":"wp","href":"https:\/\/api.w.org\/{rel}","templated":true}]}}