{"id":177,"date":"2024-06-13T19:52:18","date_gmt":"2024-06-13T17:52:18","guid":{"rendered":"https:\/\/nmsstpoelten-viehofen.ac.at\/?page_id=177"},"modified":"2026-01-29T19:02:52","modified_gmt":"2026-01-29T18:02:52","slug":"berufsorientierung","status":"publish","type":"page","link":"https:\/\/nmsstpoelten-viehofen.ac.at\/?page_id=177","title":{"rendered":"Berufsorientierung"},"content":{"rendered":"<div class=\"wp-block-image\">\n<figure class=\"alignleft size-full is-resized\"><img loading=\"lazy\" decoding=\"async\" width=\"370\" height=\"477\" src=\"https:\/\/nmsstpoelten-viehofen.ac.at\/wp-content\/uploads\/2026\/01\/image-1.png\" alt=\"\" class=\"wp-image-929\" style=\"aspect-ratio:0.7756691725626769;width:194px;height:auto\" srcset=\"https:\/\/nmsstpoelten-viehofen.ac.at\/wp-content\/uploads\/2026\/01\/image-1.png 370w, https:\/\/nmsstpoelten-viehofen.ac.at\/wp-content\/uploads\/2026\/01\/image-1-233x300.png 233w\" sizes=\"auto, (max-width: 370px) 100vw, 370px\" \/><\/figure>\n<\/div>\n\n\n<p>Der BO &#8211; Unterricht vermittelt Wissen und Erfahrung zur pers\u00f6nlichen Auseinandersetzung mit Fragen der Berufs und Bildungswahl.<br>Diese Teilnahme ist verpflichtend!<\/p>\n\n\n\n<p>In Zeiten rascher Ver\u00e4nderungen in der Schullandschaft und auf dem Arbeitsmarkt ist uns die Berufsorientierung unserer Sch\u00fclerinnen und Sch\u00fcler ein besonderes Anliegen.<\/p>\n\n\n\n<p>Zu allen sich bietenden Gelegenheiten flie\u00dfen Themen der Berufsorientierung, der Berufswahl, der Lehrlingsausbildung und der Fortsetzung der Schullaufbahn in berufs- und weiterbildenden Schulen in den Unterricht und in die Arbeit mit den Kindern ein.<\/p>\n\n\n\n<p>Die gute Zusammenarbeit der Lehrerinnen und Lehrer, der Klassenvorst\u00e4nde, der Schulleitung und des Sch\u00fclerberaters mit Organisationen wie z. B. dem AMS, dem WIFI oder der AK und der WK, den Betrieben in und um St. P\u00f6lten sowie den weiterf\u00fchrenden Schulen unterst\u00fctzt unsere Sch\u00fclerinnen und Sch\u00fcler bei der Berufswahl und l\u00e4sst sie hoffnungsvoll in die Zukunft blicken.<\/p>\n\n\n\n<p>Das&nbsp;<a href=\"http:\/\/www.berufslexikon.at\/\" target=\"_blank\" rel=\"noreferrer noopener\">Berufslexikon<\/a>&nbsp;(http:\/\/www.berufslexikon.at) &#8230; Infos zu \u00fcber 1.700 Berufen<\/p>\n\n\n\n<p>Der&nbsp;<a href=\"http:\/\/www.karrierekompass.at\/\" target=\"_blank\" rel=\"noreferrer noopener\">K<\/a><a href=\"http:\/\/www.karrierekompass.at\/\" target=\"_blank\" rel=\"noreferrer noopener\">arrierekompass<\/a>&nbsp;(http:\/\/www. karrierekompass.at)&nbsp;&#8230; ist das Einstiegs- und Informationsportal zu den Online-Tools des AMS<\/p>\n\n\n\n<p>Der&nbsp;<a href=\"http:\/\/www.ausbildungskompass.at\/\" target=\"_blank\" rel=\"noreferrer noopener\">Ausbildungskompass<\/a>&nbsp;(http:\/\/www.ausbildungskompass.at) &#8230; bietet eine \u00fcbersichtliche, aber sehr detaillierte Darstellung des \u00f6sterreichischen Bidlungssystems und verkn\u00fcpft Berufsbilder mit den dazu passende Ausbildungsm\u00f6glichkeiten<\/p>\n\n\n\n<p>Das<a href=\"http:\/\/www.ams.at\/bewerbung\" target=\"_blank\" rel=\"noreferrer noopener\">&nbsp;Bewerbungsportal<\/a>&nbsp;(http:\/\/www.ams.at\/bewerbung) &#8230; unterst\u00fctzt im gesamten Bewerbungsprozess &#8211; von der Standortanalyse \u00fcber die Erstellung der Bewerbungsunterlagen bis zur Vertragsverhandlung.<\/p>\n\n\n\n<p>Das<a href=\"http:\/\/www.arbeitszimmer.cc\/\" target=\"_blank\" rel=\"noreferrer noopener\">&nbsp;Arbeitszimmer<\/a>&nbsp;(http:\/\/www.arbeitszimmer.cc) &#8230; ist die Jugendplattform rund um die Themen Ausbildung, Beruf und Bewerbung Sie erhalten umfassende Informationen sowie News und Eventank\u00fcndigungen.<\/p>\n\n\n\n<p>Der&nbsp;<a href=\"http:\/\/www.berufskompass.at\/\" target=\"_blank\" rel=\"noreferrer noopener\">Berufskompass<\/a>&nbsp;(http:\/\/www.berufskompass.at) &#8230; ist das optimale Tool f\u00fcr die Berufsorientierung. Nach der anonymen Beantwortung des Fragebogens erh\u00e4lt man ein individuelles Ergebnisprofil sowie eine Liste mit passenden Lehrberufen.<\/p>\n\n\n\n<p>Der&nbsp;<a href=\"http:\/\/www.berufskompass.at\/lehre\" target=\"_blank\" rel=\"noreferrer noopener\">Lehrlingskompass<\/a>&nbsp;(http:\/\/www.berufskompass.at\/lehre) &#8230; ist ein Berufsorientierungstest f\u00fcr Lehrstellen-Interessierte. In ca. 15 Minuten erh\u00e4lt man ein individuelles Ergebnisprofil und eine Liste mit passenden Lehrberufen.<\/p>\n\n\n\n<p>Das&nbsp;<a href=\"http:\/\/www.ams.or.at\/qualifikationsbarometer\" target=\"_blank\" rel=\"noreferrer noopener\">Qualifikationsbarometer<\/a>&nbsp;(http:\/\/www.ams.or.at\/qualifikationsbarometer) &#8230; zeigt aktuelle Arbeitsmarkt- und Qualifikationstrends auf und erm\u00f6glicht so die Einsch\u00e4tzung von Jobchancen und Qualifizierungsbedarf in unterschiedlichen Branchen und Berufen.<\/p>\n\n\n\n<p>Die&nbsp;<a href=\"http:\/\/www.weiterbildungsdatenbank.at\/\" target=\"_blank\" rel=\"noreferrer noopener\">Weiterbildungsdatenbank<\/a>&nbsp;(http:\/\/www.weiterbildungsdatenbank.at) &#8230; erm\u00f6glicht die individuelle Suche nach Weiterbildungsangeboten in ganz \u00d6sterreich.<\/p>\n\n\n\n<p>&nbsp;<a href=\"http:\/\/www.yourchoiceinfo.at\/\" target=\"_blank\" rel=\"noreferrer noopener\">Your Choice<\/a>&nbsp;(http:\/\/www.yourchoiceinfo.at) &#8230;&nbsp; Infos \u00fcber Berufsbilder und passende Ausbildungswege<\/p>\n\n\n\n<h2 class=\"wp-block-heading\">Berufsorientierung Links zu AK WIFI WK<\/h2>\n\n\n\n<p><a href=\"http:\/\/www.bic.at\/\" target=\"_blank\" rel=\"noreferrer noopener\">BerufsInformationsComputer<\/a>&nbsp;(http:\/\/www.bic.at) &#8230;&nbsp; Infos der Wirtschaftkammer (WK)&nbsp;\u00fcber Lehrberufe<\/p>\n\n\n\n<p><a href=\"http:\/\/www.ams.or.at\/lehrstellen\/\" target=\"_blank\" rel=\"noreferrer noopener\">Lehrstellenb\u00f6rse<\/a>&nbsp;(http:\/\/www.ams.or.at\/lehrstellen) &#8230;&nbsp; Lehrstellen\u00fcbersicht des AMS und der WK<\/p>\n\n\n\n<p><a href=\"http:\/\/www.lehre-respekt.at\/\" target=\"_blank\" rel=\"noreferrer noopener\">Lehre? Respekt!<\/a>&nbsp;(http:\/\/www.lehre-respekt.at) &#8230;&nbsp; von der WK alles \u00fcber Beruf, Lehre, Berufsschulen<br>&nbsp;&nbsp;&nbsp;&nbsp;&nbsp;&nbsp;&nbsp;&nbsp;&nbsp;&nbsp;&nbsp;&nbsp;&nbsp;&nbsp;&nbsp;&nbsp;&nbsp;&nbsp;&nbsp;&nbsp; &nbsp;&nbsp; mit&nbsp;<strong>Anleitungen zur richtigen Bewerbung<\/strong>&nbsp;(Bewerbungsschreiben, Lebenslauf, Vorstellungsgespr\u00e4ch)<\/p>\n\n\n\n<p><a href=\"http:\/\/www.job4future.at\/intro.php\" target=\"_blank\" rel=\"noreferrer noopener\">Job4Future<\/a>&nbsp;(http:\/\/www.job4yourfuture.at) &#8230;&nbsp; Suchmaschine f\u00fcr Jugendliche zum Berufseinstieg in N\u00d6<\/p>\n\n\n\n<p><a href=\"http:\/\/noe.arbeiterkammer.at\/\" target=\"_blank\" rel=\"noreferrer noopener\">AK N\u00d6<\/a>&nbsp;(http:\/\/www.noe.arbeiterkammer.at) &#8230;&nbsp; Arbeiterkammer N\u00d6<\/p>\n\n\n\n<p><a href=\"http:\/\/www.noe.wifi.at\/\" target=\"_blank\" rel=\"noreferrer noopener\">WIFI N\u00d6<\/a>&nbsp;(http:\/\/www.noe.wifi.at) &#8230;&nbsp; Wirtschaftsf\u00f6rderungsinstitut N\u00d6<\/p>\n\n\n\n<p><a href=\"http:\/\/portal.wko.at\/wk\/startseite.wk\" target=\"_blank\" rel=\"noreferrer noopener\">WKO<\/a>&nbsp;(http:\/\/www.wko.at) &#8230;&nbsp; Wirtschaftskammer \u00d6sterreich<\/p>\n\n\n\n<p><a href=\"http:\/\/www.fachkraefteboerse.at\/\" target=\"_blank\" rel=\"noreferrer noopener\">Fachkr\u00e4fteb\u00f6rse der WKO<\/a>&nbsp;(www.fachkraefteboerse.at) &#8230; Onlinebewerbung f\u00fcr Lehrstellen<\/p>\n\n\n\n<h2 class=\"wp-block-heading\">Berufsorientierung verschiedene Links<\/h2>\n\n\n\n<p><a href=\"http:\/\/www.bildung4you.at\/\" target=\"_blank\" rel=\"noreferrer noopener\">bildung4you<\/a>&nbsp;&#8230;&nbsp; Nieder\u00f6sterreichische Bildungsplattform<\/p>\n\n\n\n<p><a href=\"http:\/\/www.bmwfj.gv.at\/Seiten\/default.aspx\" target=\"_blank\" rel=\"noreferrer noopener\">BM WFJ<\/a>&nbsp;&#8230;&nbsp; Bundesministerium f\u00fcr Wirtschaft Familie und Jugend<\/p>\n\n\n\n<p><a href=\"http:\/\/www.noe-fb.at\/DE\/Bildungsatlas%20online\/Willkommen+in+Deiner+Zukunft.aspx\" target=\"_blank\" rel=\"noreferrer noopener\">Bildungsatlas online<\/a>&nbsp;&#8230;&nbsp; Aus- und Weiterbildungsangebote<\/p>\n\n\n\n<p><a href=\"https:\/\/www.jobted.at\/lehre-jobs\" target=\"_blank\" rel=\"noreferrer noopener\">www.jobted.at<\/a>&nbsp;&#8230; kostenloses privates Onlineangebot<\/p>\n\n\n\n<p><a href=\"http:\/\/www.jobbutler.at\/\" target=\"_blank\" rel=\"noreferrer noopener\">www.jobbutler.at<\/a>&nbsp;&#8230; kostenloses privates Onlineangebot<\/p>\n","protected":false},"excerpt":{"rendered":"<p>Der BO &#8211; Unterricht vermittelt Wissen und Erfahrung zur pers\u00f6nlichen Auseinandersetzung mit Fragen der Berufs und Bildungswahl.Diese Teilnahme ist verpflichtend! In Zeiten rascher Ver\u00e4nderungen in der Schullandschaft und auf dem Arbeitsmarkt ist uns die Berufsorientierung unserer Sch\u00fclerinnen und Sch\u00fcler ein besonderes Anliegen. Zu allen sich bietenden Gelegenheiten flie\u00dfen Themen der Berufsorientierung, der Berufswahl, der Lehrlingsausbildung&hellip;<\/p>\n<p class=\"more-link\"><a href=\"https:\/\/nmsstpoelten-viehofen.ac.at\/?page_id=177\" class=\"themebutton2\">Read More<\/a><\/p>\n","protected":false},"author":1,"featured_media":0,"parent":0,"menu_order":0,"comment_status":"closed","ping_status":"closed","template":"","meta":{"footnotes":""},"class_list":["post-177","page","type-page","status-publish","hentry"],"_links":{"self":[{"href":"https:\/\/nmsstpoelten-viehofen.ac.at\/index.php?rest_route=\/wp\/v2\/pages\/177","targetHints":{"allow":["GET"]}}],"collection":[{"href":"https:\/\/nmsstpoelten-viehofen.ac.at\/index.php?rest_route=\/wp\/v2\/pages"}],"about":[{"href":"https:\/\/nmsstpoelten-viehofen.ac.at\/index.php?rest_route=\/wp\/v2\/types\/page"}],"author":[{"embeddable":true,"href":"https:\/\/nmsstpoelten-viehofen.ac.at\/index.php?rest_route=\/wp\/v2\/users\/1"}],"replies":[{"embeddable":true,"href":"https:\/\/nmsstpoelten-viehofen.ac.at\/index.php?rest_route=%2Fwp%2Fv2%2Fcomments&post=177"}],"version-history":[{"count":9,"href":"https:\/\/nmsstpoelten-viehofen.ac.at\/index.php?rest_route=\/wp\/v2\/pages\/177\/revisions"}],"predecessor-version":[{"id":933,"href":"https:\/\/nmsstpoelten-viehofen.ac.at\/index.php?rest_route=\/wp\/v2\/pages\/177\/revisions\/933"}],"wp:attachment":[{"href":"https:\/\/nmsstpoelten-viehofen.ac.at\/index.php?rest_route=%2Fwp%2Fv2%2Fmedia&parent=177"}],"curies":[{"name":"wp","href":"https:\/\/api.w.org\/{rel}","templated":true}]}}