{"id":193,"date":"2024-06-14T11:16:54","date_gmt":"2024-06-14T09:16:54","guid":{"rendered":"https:\/\/nmsstpoelten-viehofen.ac.at\/?page_id=193"},"modified":"2024-07-09T16:30:30","modified_gmt":"2024-07-09T14:30:30","slug":"schulspiel-splitter","status":"publish","type":"page","link":"https:\/\/nmsstpoelten-viehofen.ac.at\/?page_id=193","title":{"rendered":"Schulspiel-Splitter"},"content":{"rendered":"\n<div class=\"wp-block-columns is-layout-flex wp-container-core-columns-is-layout-9d6595d7 wp-block-columns-is-layout-flex\">\n<div class=\"wp-block-column is-layout-flow wp-block-column-is-layout-flow\" style=\"flex-basis:100%\"><\/div>\n<\/div>\n\n\n<div class=\"wp-block-image\">\n<figure class=\"aligncenter size-full is-resized\"><img loading=\"lazy\" decoding=\"async\" width=\"480\" height=\"640\" src=\"https:\/\/nmsstpoelten-viehofen.ac.at\/wp-content\/uploads\/2024\/06\/Heidi-in-Aktion3a.jpg\" alt=\"\" class=\"wp-image-238\" style=\"width:197px;height:auto\" srcset=\"https:\/\/nmsstpoelten-viehofen.ac.at\/wp-content\/uploads\/2024\/06\/Heidi-in-Aktion3a.jpg 480w, https:\/\/nmsstpoelten-viehofen.ac.at\/wp-content\/uploads\/2024\/06\/Heidi-in-Aktion3a-225x300.jpg 225w\" sizes=\"auto, (max-width: 480px) 100vw, 480px\" \/><\/figure>\n<\/div>\n\n\n<p><\/p>\n\n\n\n<p>Hochverehrte Leserschaft, allerliebste, verehrungs- und nachahmungsw\u00fcrdige Heidi Kneissl. Es ist schier eine unl\u00f6sbare Aufgabe eine Lobrede f\u00fcr eine besondere Frau Lehrerin zu verfassen, doch ihr diese Zeilen nicht zu widmen, gleiche einem wahrhaftigen Verbrechen, daher lest und bewundert mit uns ein au\u00dfergew\u00f6hnliches Multitalent.<\/p>\n\n\n\n<p>Ein <strong><a href=\"https:\/\/youtu.be\/E8EfpFI5wds\" target=\"_blank\" rel=\"noreferrer noopener\">HOCH<\/a><\/strong> auf Heidi, gesungen von den Nordlichtern. Klicken Sie <strong><a href=\"https:\/\/youtu.be\/E8EfpFI5wds\" target=\"_blank\" rel=\"noreferrer noopener\">hier<\/a><\/strong>, um zum Video zu gelangen.<\/p>\n\n\n\n<p>W\u00e4hrend des Schreibens \u00fcberlegt man, was hat unsere Heidi in 37 Jahren Schulspiel alles vollbracht<br>-was macht sie aus und warum rei\u00dft sie ein gro\u00dfes Loch in unser Schauspieldasein? Unsere Heidi ist ein Urgestein, eine Regisseurin, Textschreiberin, eine Quasselstrippe und ein Genie, welches vor 33 Jahren gemeinsam dann mit Biggi Neulinger die \u201eNORDLICHTER\u201c in die MS Viehofen geholt hat.<\/p>\n\n\n\n<p>In einer Lobesrede wird immer wieder auf das gesamte Schaffen eines K\u00fcnstlers Bezug genommen und jede T\u00e4tigkeit soll als BESONDERES herausgestrichen werden. Man m\u00f6chte aufzeigen, was die geehrte Person alles kann. Wir haben uns aber gedacht, wir streichen heraus, was die Heidi alles <strong><u>NICHT<\/u><\/strong> kann.<\/p>\n\n\n\n<p>Sie kann VIELES nicht\u2026Sie kann mit ihren \u201eNORDLICHTERN\u201c z.B. ihr Publikum <strong><u>NICHT<\/u><\/strong> langweilen, gelingt ihr einfach <strong><u>NICHT<\/u><\/strong>. Sie kann <strong><u>NICHT<\/u><\/strong> anders als wahrhaftig sein. Du hauchst in jedes der Kinder einzigartige Rollen ein und l\u00e4sst deine Theatersch\u00fctzlinge die Figuren erwecken, die tats\u00e4chlich zu ihrem Charakter passen. Deine Figuren waren und sind sensationell. Man denke nur an die \u201eDIE KLEINE M\u00dcLLHEXE ROSALIE\u201c oder deine Darsteller:innen in \u201eFRAU sucht BAUER\u201c.<\/p>\n\n\n\n<p>Was sie auch <strong>NICHT<\/strong> kann? Sie kann keine Sache halbherzig machen, f\u00fcr keine Minute still und tatenlos sein. Ist eine Theatervorstellung mit Biggi Neulinger oder ein Filmprojekt mit Anita Lackenberger geschafft, startet sie emsig mit neuen Ideen und St\u00fccken in das Schuljahr. Man ger\u00e4t tats\u00e4chlich ins Schw\u00e4rmen, aber ehrlich \u2013 eigentlich ist uns die Heidi Kneissl <strong><u>NICHT<\/u><\/strong> sympathisch, im Gegenteil, sie hat etwas getan, was uns zu Tode \u00e4rgert\u2026\u2026..<\/p>\n\n\n\n<p>\u2026.sie hat es tats\u00e4chlich geschafft, <strong>39 Produktionen<\/strong> mit den Kindern auf die Beine zu stellen, um nur ein paar Highlights zu nennen \u201eMAX AUF DER REISE DURCH DIE ZEIT\u201c, \u201eRITTER KAMENBERT\u201c, \u201eLILI UND DAS GEHEIMNIS DER SCHMETTERLINGE\u201c und \u201eM\u00c4RCHERN RELOADED\u201c Selbst dem Film konnte sie nicht entweichen und erm\u00f6glichte unseren NORDLICHTERN in Profifilmen wie z.B. \u201e1945\u2026TROTZDEM KIND\u201c, \u201eEIN WILDER SOMMER\u201c und \u201eDAS ERSTE JAHR\u201c mitzuwirken. Ihre Schaffensperiode beinhaltet noch unz\u00e4hlige Teilnahmen an Festivals, Galas, Symposien etc.<\/p>\n\n\n\n<p>Man k\u00f6nnte neidisch werden und doch\u2026.,wir geben offen zu, dein Erfolg als Theaterregisseurin an unserer Schule macht uns einfach nur stolz, aber liebe Heidi, \u2026<\/p>\n\n\n\n<ul class=\"wp-block-list\">\n<li>\u2026musst du unbedingt vom Theater so viel verstehen, dass man dir stundenlang zuh\u00f6ren kann und dabei auch noch etwas lernt?<\/li>\n\n\n\n<li>\u2026was f\u00e4llt dir ein, deine Nordlichter nun zu verlassen?<\/li>\n\n\n\n<li>\u2026bist denn du des Wahnsinns, uns nicht mehr mit deinen kreativen Erg\u00fcssen zu bereichern?<\/li>\n\n\n\n<li>\u2026sag, ist dir klar, dass du den NORDLICHTERN unsagbar fehlen wirst?<\/li>\n<\/ul>\n\n\n\n<p>Du hast VIELES f\u00fcr unsere Schule geleistet, denn unsere Heidi Kneissl hat ein <strong>LEBENSWERK<\/strong> erschaffen. Du bist nicht nur Schultheater- du lebst Schultheater- du und deine \u201eNORDLICHTER\u201c seid einfach ein <strong>MEISTERWERK<\/strong>. Wei\u00dft du, wir g\u00f6nnen dir von Herzen deinen Ruhestand, denn diesen neuen Abschnitt in deinem Leben hast du dir redlich verdient. <strong>DANKE<\/strong> an dich, f\u00fcr diese besonderen Theatermomente, die du uns j\u00e4hrlich geschenkt hast.<\/p>\n","protected":false},"excerpt":{"rendered":"<p>Hochverehrte Leserschaft, allerliebste, verehrungs- und nachahmungsw\u00fcrdige Heidi Kneissl. Es ist schier eine unl\u00f6sbare Aufgabe eine Lobrede f\u00fcr eine besondere Frau Lehrerin zu verfassen, doch ihr diese Zeilen nicht zu widmen, gleiche einem wahrhaftigen Verbrechen, daher lest und bewundert mit uns ein au\u00dfergew\u00f6hnliches Multitalent. Ein HOCH auf Heidi, gesungen von den Nordlichtern. Klicken Sie hier, um&hellip;<\/p>\n<p class=\"more-link\"><a href=\"https:\/\/nmsstpoelten-viehofen.ac.at\/?page_id=193\" class=\"themebutton2\">Read More<\/a><\/p>\n","protected":false},"author":1,"featured_media":0,"parent":0,"menu_order":0,"comment_status":"closed","ping_status":"closed","template":"","meta":{"footnotes":""},"class_list":["post-193","page","type-page","status-publish","hentry"],"_links":{"self":[{"href":"https:\/\/nmsstpoelten-viehofen.ac.at\/index.php?rest_route=\/wp\/v2\/pages\/193","targetHints":{"allow":["GET"]}}],"collection":[{"href":"https:\/\/nmsstpoelten-viehofen.ac.at\/index.php?rest_route=\/wp\/v2\/pages"}],"about":[{"href":"https:\/\/nmsstpoelten-viehofen.ac.at\/index.php?rest_route=\/wp\/v2\/types\/page"}],"author":[{"embeddable":true,"href":"https:\/\/nmsstpoelten-viehofen.ac.at\/index.php?rest_route=\/wp\/v2\/users\/1"}],"replies":[{"embeddable":true,"href":"https:\/\/nmsstpoelten-viehofen.ac.at\/index.php?rest_route=%2Fwp%2Fv2%2Fcomments&post=193"}],"version-history":[{"count":9,"href":"https:\/\/nmsstpoelten-viehofen.ac.at\/index.php?rest_route=\/wp\/v2\/pages\/193\/revisions"}],"predecessor-version":[{"id":388,"href":"https:\/\/nmsstpoelten-viehofen.ac.at\/index.php?rest_route=\/wp\/v2\/pages\/193\/revisions\/388"}],"wp:attachment":[{"href":"https:\/\/nmsstpoelten-viehofen.ac.at\/index.php?rest_route=%2Fwp%2Fv2%2Fmedia&parent=193"}],"curies":[{"name":"wp","href":"https:\/\/api.w.org\/{rel}","templated":true}]}}