{"id":25,"date":"2024-06-12T20:20:50","date_gmt":"2024-06-12T18:20:50","guid":{"rendered":"https:\/\/nmsstpoelten-viehofen.ac.at\/?page_id=25"},"modified":"2025-08-28T13:26:41","modified_gmt":"2025-08-28T11:26:41","slug":"lorem-ipsum","status":"publish","type":"page","link":"https:\/\/nmsstpoelten-viehofen.ac.at\/?page_id=25","title":{"rendered":"Profil"},"content":{"rendered":"\n<div class=\"wp-block-columns is-layout-flex wp-container-core-columns-is-layout-9d6595d7 wp-block-columns-is-layout-flex\">\n<div class=\"wp-block-column is-layout-flow wp-block-column-is-layout-flow\" style=\"flex-basis:100%\">\n<p class=\"has-text-align-center has-medium-font-size\"><strong><em>Wir bieten dir<\/em><\/strong><\/p>\n\n\n<div class=\"wp-block-image\">\n<figure class=\"aligncenter size-full is-resized\"><img loading=\"lazy\" decoding=\"async\" width=\"640\" height=\"480\" src=\"https:\/\/nmsstpoelten-viehofen.ac.at\/wp-content\/uploads\/2024\/11\/Foto-fuer-SChulinfo-rotated.jpg\" alt=\"\" class=\"wp-image-412\" style=\"width:293px;height:auto\" srcset=\"https:\/\/nmsstpoelten-viehofen.ac.at\/wp-content\/uploads\/2024\/11\/Foto-fuer-SChulinfo-rotated.jpg 640w, https:\/\/nmsstpoelten-viehofen.ac.at\/wp-content\/uploads\/2024\/11\/Foto-fuer-SChulinfo-300x225.jpg 300w\" sizes=\"auto, (max-width: 640px) 100vw, 640px\" \/><\/figure>\n<\/div>\n\n\n<p class=\"has-text-align-center\"><br>&#8211; Soziales Lernen in den 1. und 2. Klassen<br>&#8211; Berufsorientierung in den 3. und 4. Klassen (die Schule hat das &#8211; Berufsorientierungsg\u00fctesiegel) <br>&#8211; eigener Schulhund<br>&#8211; gro\u00dfz\u00fcgige Sportanlage <br>&#8211; Schulfreiraum im Garten<br>&#8211; Projekt- und Wintersportwochen<br>&#8211; X-point Schulsozialarbeit <br>&#8211; moderne Lehr- und Lernformen<br>&#8211; unverbindliche \u00dcbungen:<br>Dodgeball<br>Fu\u00dfball<br>Schulspiel und Fundance <\/p>\n<\/div>\n<\/div>\n","protected":false},"excerpt":{"rendered":"<p>Wir bieten dir &#8211; Soziales Lernen in den 1. und 2. Klassen&#8211; Berufsorientierung in den 3. und 4. Klassen (die Schule hat das &#8211; Berufsorientierungsg\u00fctesiegel) &#8211; eigener Schulhund&#8211; gro\u00dfz\u00fcgige Sportanlage &#8211; Schulfreiraum im Garten&#8211; Projekt- und Wintersportwochen&#8211; X-point Schulsozialarbeit &#8211; moderne Lehr- und Lernformen&#8211; unverbindliche \u00dcbungen:DodgeballFu\u00dfballSchulspiel und Fundance<\/p>\n","protected":false},"author":1,"featured_media":0,"parent":0,"menu_order":0,"comment_status":"closed","ping_status":"closed","template":"","meta":{"footnotes":""},"class_list":["post-25","page","type-page","status-publish","hentry"],"_links":{"self":[{"href":"https:\/\/nmsstpoelten-viehofen.ac.at\/index.php?rest_route=\/wp\/v2\/pages\/25","targetHints":{"allow":["GET"]}}],"collection":[{"href":"https:\/\/nmsstpoelten-viehofen.ac.at\/index.php?rest_route=\/wp\/v2\/pages"}],"about":[{"href":"https:\/\/nmsstpoelten-viehofen.ac.at\/index.php?rest_route=\/wp\/v2\/types\/page"}],"author":[{"embeddable":true,"href":"https:\/\/nmsstpoelten-viehofen.ac.at\/index.php?rest_route=\/wp\/v2\/users\/1"}],"replies":[{"embeddable":true,"href":"https:\/\/nmsstpoelten-viehofen.ac.at\/index.php?rest_route=%2Fwp%2Fv2%2Fcomments&post=25"}],"version-history":[{"count":10,"href":"https:\/\/nmsstpoelten-viehofen.ac.at\/index.php?rest_route=\/wp\/v2\/pages\/25\/revisions"}],"predecessor-version":[{"id":785,"href":"https:\/\/nmsstpoelten-viehofen.ac.at\/index.php?rest_route=\/wp\/v2\/pages\/25\/revisions\/785"}],"wp:attachment":[{"href":"https:\/\/nmsstpoelten-viehofen.ac.at\/index.php?rest_route=%2Fwp%2Fv2%2Fmedia&parent=25"}],"curies":[{"name":"wp","href":"https:\/\/api.w.org\/{rel}","templated":true}]}}