{"id":32,"date":"2024-06-12T20:38:52","date_gmt":"2024-06-12T18:38:52","guid":{"rendered":"https:\/\/nmsstpoelten-viehofen.ac.at\/?page_id=32"},"modified":"2025-12-10T11:00:31","modified_gmt":"2025-12-10T10:00:31","slug":"team","status":"publish","type":"page","link":"https:\/\/nmsstpoelten-viehofen.ac.at\/?page_id=32","title":{"rendered":"Team"},"content":{"rendered":"\n<p class=\"has-text-align-center\"><em><strong>Direktor<\/strong><\/em><br>DMS Sebastian B\u00f6hm<\/p>\n\n\n<div class=\"wp-block-image\">\n<figure class=\"aligncenter size-full\"><img loading=\"lazy\" decoding=\"async\" width=\"230\" height=\"320\" src=\"https:\/\/nmsstpoelten-viehofen.ac.at\/wp-content\/uploads\/2024\/06\/sebastian_klein.jpg\" alt=\"\" class=\"wp-image-133\" srcset=\"https:\/\/nmsstpoelten-viehofen.ac.at\/wp-content\/uploads\/2024\/06\/sebastian_klein.jpg 230w, https:\/\/nmsstpoelten-viehofen.ac.at\/wp-content\/uploads\/2024\/06\/sebastian_klein-216x300.jpg 216w\" sizes=\"auto, (max-width: 230px) 100vw, 230px\" \/><\/figure>\n<\/div>\n\n\n<p><\/p>\n\n\n\n<p class=\"has-text-align-center\"><em><strong>Lehrpersonen<\/strong><\/em><\/p>\n\n\n<div class=\"wp-block-image\">\n<figure class=\"aligncenter size-full is-resized\"><img loading=\"lazy\" decoding=\"async\" width=\"1184\" height=\"897\" src=\"https:\/\/nmsstpoelten-viehofen.ac.at\/wp-content\/uploads\/2025\/09\/thumbnail_LF-2025-26.jpg\" alt=\"\" class=\"wp-image-850\" style=\"width:843px;height:auto\" srcset=\"https:\/\/nmsstpoelten-viehofen.ac.at\/wp-content\/uploads\/2025\/09\/thumbnail_LF-2025-26.jpg 1184w, https:\/\/nmsstpoelten-viehofen.ac.at\/wp-content\/uploads\/2025\/09\/thumbnail_LF-2025-26-300x227.jpg 300w, https:\/\/nmsstpoelten-viehofen.ac.at\/wp-content\/uploads\/2025\/09\/thumbnail_LF-2025-26-1024x776.jpg 1024w, https:\/\/nmsstpoelten-viehofen.ac.at\/wp-content\/uploads\/2025\/09\/thumbnail_LF-2025-26-768x582.jpg 768w\" sizes=\"auto, (max-width: 1184px) 100vw, 1184px\" \/><\/figure>\n<\/div>\n\n\n<p><\/p>\n\n\n\n<p class=\"has-text-align-center\">Prof. Anibas Sabina BEd, KV 2A; vLNMS Brunner Philipp, KV 4A;<br> Dostal Elfriede, Rel. r.k.; vLNMS Friedrichsmeier Karin;<br> G\u00f6kbudak Melis; OLNMS G\u00fcnth\u00f6r Lydia, KV 3B;<br> H\u00f6rmann Jennifer; vLNMS Lechner Daniela,\u00a0BEd, KV 1B;<br> vLNMS Malli Magdalena, KV 1A; LNMS Dr. Manseder Heidi;<br> OLNMS Mayer Michaela; Prof. Moser Michael, BEd;<br> OLNMS Neulinger Brigitte; Pek Aziz,BEd, MA; <br>vLNMS Perthold Sabine, KV 2B; OLfWE\u00a0 Sperl Brigitte;<br>Prof. St\u00f6ger Victoria BEd, KV 3C; OLNMS Suarez Lopez Liane; <br> vLNMS Wimmer Karin, KV 4B;<br> vLNMS W\u00f6ll Birgit, KV 3A<\/p>\n\n\n\n<p class=\"has-text-align-center\"><strong><em>Schulwart<\/em><\/strong><br>Thomas Moser<br>Sabine Moser<\/p>\n","protected":false},"excerpt":{"rendered":"<p>DirektorDMS Sebastian B\u00f6hm Lehrpersonen Prof. Anibas Sabina BEd, KV 2A; vLNMS Brunner Philipp, KV 4A; Dostal Elfriede, Rel. r.k.; vLNMS Friedrichsmeier Karin; G\u00f6kbudak Melis; OLNMS G\u00fcnth\u00f6r Lydia, KV 3B; H\u00f6rmann Jennifer; vLNMS Lechner Daniela,\u00a0BEd, KV 1B; vLNMS Malli Magdalena, KV 1A; LNMS Dr. Manseder Heidi; OLNMS Mayer Michaela; Prof. Moser Michael, BEd; OLNMS Neulinger Brigitte;&hellip;<\/p>\n<p class=\"more-link\"><a href=\"https:\/\/nmsstpoelten-viehofen.ac.at\/?page_id=32\" class=\"themebutton2\">Read More<\/a><\/p>\n","protected":false},"author":1,"featured_media":0,"parent":0,"menu_order":0,"comment_status":"closed","ping_status":"closed","template":"","meta":{"footnotes":""},"class_list":["post-32","page","type-page","status-publish","hentry"],"_links":{"self":[{"href":"https:\/\/nmsstpoelten-viehofen.ac.at\/index.php?rest_route=\/wp\/v2\/pages\/32","targetHints":{"allow":["GET"]}}],"collection":[{"href":"https:\/\/nmsstpoelten-viehofen.ac.at\/index.php?rest_route=\/wp\/v2\/pages"}],"about":[{"href":"https:\/\/nmsstpoelten-viehofen.ac.at\/index.php?rest_route=\/wp\/v2\/types\/page"}],"author":[{"embeddable":true,"href":"https:\/\/nmsstpoelten-viehofen.ac.at\/index.php?rest_route=\/wp\/v2\/users\/1"}],"replies":[{"embeddable":true,"href":"https:\/\/nmsstpoelten-viehofen.ac.at\/index.php?rest_route=%2Fwp%2Fv2%2Fcomments&post=32"}],"version-history":[{"count":25,"href":"https:\/\/nmsstpoelten-viehofen.ac.at\/index.php?rest_route=\/wp\/v2\/pages\/32\/revisions"}],"predecessor-version":[{"id":902,"href":"https:\/\/nmsstpoelten-viehofen.ac.at\/index.php?rest_route=\/wp\/v2\/pages\/32\/revisions\/902"}],"wp:attachment":[{"href":"https:\/\/nmsstpoelten-viehofen.ac.at\/index.php?rest_route=%2Fwp%2Fv2%2Fmedia&parent=32"}],"curies":[{"name":"wp","href":"https:\/\/api.w.org\/{rel}","templated":true}]}}