{"id":60,"date":"2024-06-12T21:09:15","date_gmt":"2024-06-12T19:09:15","guid":{"rendered":"https:\/\/nmsstpoelten-viehofen.ac.at\/?page_id=60"},"modified":"2026-02-26T16:52:12","modified_gmt":"2026-02-26T15:52:12","slug":"termine","status":"publish","type":"page","link":"https:\/\/nmsstpoelten-viehofen.ac.at\/?page_id=60","title":{"rendered":"Termine"},"content":{"rendered":"\n<p class=\"has-text-align-center\"><strong>SEPTEMBER 2025<\/strong> <\/p>\n\n\n\n<p class=\"has-text-align-left\">3.9. Klassenforen: 1A+1B: 18:30, 4A und 4B: 19:00<br>4.9. Talentecheck Wifi (8:00 \u2013 13:45) 4<br>9.9. Schulfotos<br>10.9. Wandertag 2AB Rudolfsh\u00f6he, 4AB Paudorf<br>12.9. Grow Festival 4<br>15. \u2013 19.9. Sportwoche Flachau 4AB<br>17.9. 3C im Landesmuseum<br>22.9. Einschulung der Sch\u00fclerlotsen<br>22.9. Schulentwicklungsberatung ab 15 Uhr<br>22.9. Beratungstermine 4<br>23.9. AMS BIZ 4 (13:30 \u2013 15:30)<br>24.9. Klassenforen 2 + 3.: 17:00; Schulforum: 18:00; Elternvereinssitzung: 18:30<br>26.9. Beratungstermine 4 <br>26.9. Jugendberatung ab 9 Uhr f\u00fcr 3. + 4. KLassen &#8211; Verein &#8222;Jugend + Lebenswelt&#8220;<br>30.9. AMS BIZ 4 (13:30-15:30)<\/p>\n\n\n\n<p class=\"has-text-align-center\"><strong>Oktober 2025<\/strong><\/p>\n\n\n\n<p>1.10. Beratungstermine 4<br>7.10. Beratungstermine 4<br>7.10. HTL-besuch 4AB (1. &#8211; 5. Stunde)<br>8.10. Markttag der Lehre 16 \u2013 19 Uhr 4AB<br>8.10. Beratungstermine 4<br>8.10. Schul\u00e4rztliche Untersuchung<br>9.10. Schul\u00e4rztliche Untersuchung<br>10.10. Schul\u00e4rztliche Untersuchung verschoben Termin wird noch bekannt gegeben<br>13.10. HTL Krems 1+2 und 3+4<br>13.10. Zoom Meeting mit Schulentwicklungsberatung  (10 Uhr)<br>14.10. Geberit (12:30 \u2013 15:30) 4<br>21.10. Geberit (12:30 \u2013 15:30) 4<br>22.10. Schul\u00e4rztliche Untersuchung<br>23.10. Schul\u00e4rztliche Untersuchung<\/p>\n\n\n\n<p class=\"has-text-align-center\"><strong>NOVEMBER 2025<\/strong><\/p>\n\n\n\n<p>4.11. Get a job \u2013 Tourismusberufe (10.45 -12:30; 13:35-15:20) 4<br>6.11. Lehre Respekt 3ABC von 9:40 &#8211; 12:30<br>7.11. 1+2 Klassen: Mellow im VAZ<br>11.11. HTS Vorstellung 4B(12:35 &#8211; 13:25), 4A(13:35 &#8211; 14:25)<br>13.11. Boysday 3ABC Bigs (8:30 &#8211; 10:45)<br>18.11. Vorstellung BASOP 4B(12:30), 4A(13:15)<br>20.11. KEL Gespr\u00e4che 16 -19 Uhr<br>24.11.+25.11. Leitertagung in Retz<br>24.11. &#8211; 23.12. IKM &#8211; Testung f\u00fcr die 7. + 8. Schulstufen<br>26.11. ZAL VAZ (14-16 Uhr) 4A<br>27.11. ZAL VAZ (14-16 Uhr) 4B<br>27.11. Eislaufen 4AB M\u00e4dchen<\/p>\n\n\n\n<p class=\"has-text-align-center\"><strong>DEZEMBER 2025<\/strong><\/p>\n\n\n\n<p>1.12. K\u00f6rperwelten 4AB<br>1.12. Naturhistorisches Museum 3A<br>2.12. IKM Mathematik 3. Klassen 1-3 Stunde<br>2.12. Eislaufen 3BCK<br>2.12. Erste Hilfe 4A \u2013 Anibas 6 Stunden<br>3.12. Erste Hilfe 4A \u2013 Anibas 5 Stunden<br>4.12. Erste Hilfe 4A \u2013 Anibas 6 Stunden<br>4.12. Adventfeier r\u00f6m. kath. Sch\u00fcler:innen in der 4 Stunde in Pfarre ? <br>5.12. IKM Mathematik 2+3 Stunde<br>9.12. Lehrlingsoffensive Bewerbungsgespr\u00e4ch 4B(10:45 &#8211; 12:30), 4A(12.35 &#8211; 14:25)<br>9.12. Schulforum \u2013 18.30<br>9.12. Workshop Schulsozialarbeit: 1B -1+2 Stunde, 3+4 Stunde 1A<br>10.12. Sch\u00fclerliga Fu\u00dfball: Hallenturnier<br>10.12. Eislaufen 3A<br>11.12. Weihnachtsjause<br>15.12. Fortbildung f\u00fcr alle &#8211; Schulentwicklung ab 13 bis 16:30 Uhr<br>16.12. B\u00fchnenaufbau Theater<br>18.12. Eislaufen 4AB nach 1. Stunde<br>18.12. Abendvorstellung Theater<br>22.12. Vormittagsvorstellung Theater<br>23.12. Eislaufen: 2AB nach der ersten Stunde<\/p>\n\n\n\n<p class=\"has-text-align-center\"><strong>J\u00c4NNER 2026<\/strong><\/p>\n\n\n\n<p>9.1. Wientag isl. Sch\u00fcler (4, Klassen) Pek <br>12.1. Pr\u00e4ventionsprojekt: 1+2 Stunde: 4B, 3+4 Stunde 4A<br>12.1. Schulentwicklung: 10 \u2013 11:30 Zoommeeting<br>13.1. Bau deine Zukunft \u2013 Sonja Liegler 4<br>13.1. Chancenbonus \u2013 Vorstellung des Projekts in Wien<br>19.1. Lackenberger \u2013 11:30 Film<br>20.1. AMS BIZ Survival Kit 4<br>20.1. Pr\u00e4ventionsvortrag: 4B: 3+4 Stunde, 4A: 5+6 Stunde<br>21.1. Eislauf 3A H\u00f6\/W\u00f6<br>22.1. Polybesuch 4. Klassen (ca. 9 Kinder) ab 9 Uhr Neulinger<br>22.1. Pr\u00e4ventionsprojekt: 3+4 Stunde 4A, 5+6 Stunde 4B<br>22.1. Lackenberger \u2013 15:00 Film<br>26.1. Lackenberger \u2013 11:30 Film<br>26.1. Semesterkonferenz \u2013 Beginn: 13 Uhr<br>27.1. Eislauf 2AB in der 2. Stunde An\/Fr\/G\u00f6\/Per<br>27.1. AMS BIZ Survival Kit 4 ab der 6. Stunde<br>29.1. Lackenberger \u2013 15:00 Film<br>30.1. Semesterzeugnis<br><\/p>\n\n\n\n<p class=\"has-text-align-center\"><strong>FEBRUAR 2026<\/strong><\/p>\n\n\n\n<p>9.2. Lackenberger \u2013 11:30 Film<br>10.2. Lackenberger \u2013 11:30 Film<br>10.2. Eislauf 3BC K G\u00f6\/Man<br>16. \u2013 20.2. Wintersportwoche f\u00fcr zweite und dritte Klassen Spital\/Pyhrn<br>18.2. Polizei (Sophie Bawaronsch\u00fctz): 3C \u2013 1+2 Stunde <br>23.2. Polizei: 3B \u2013 1+2 Stunde, 3+4 Stunde: 2B<br>23.2. Fortbildung f\u00fcr alle &#8211; Schulentwicklung ab 13:00 &#8211; 16:30 Uhr<br><\/p>\n\n\n\n<p class=\"has-text-align-center\"><strong>M\u00c4RZ 2026<\/strong><\/p>\n\n\n\n<p><br>3.3. Lackenberger Film \u2013 11:30<br>3. + 4.3. Dodgeball (Prantauerhalle)<br>4.3. Polizei: 3A \u2013 5+6 Stunde<br>5.3. Polizei: 2A \u2013 5+6 Stunde<br>9. \u2013 13.3. Lindabrunn Bru\/Mos<br>12.3. Workshop 4AB M: Geschlechterstereotype (5+6. Stunde) Man\/W\u00f6<br>16.3. Naturhistorisches Museum 2AB <br>16.3. Schulleitertagung<br>17.3. Wien 2AB ?<br>18.3.Wien 2AB?<br>18.3. Polizei: 3C \u2013 1+2 Stunde<br>24.3. Haus des Meeres 3C Su-Lo\/Ani<br>26.3. Schulbuchkonferenz<br>27.3. Landestheater Animal Farm 4AB <br><br><\/p>\n\n\n\n<p class=\"has-text-align-center\"><strong>APRIL 2026<\/strong><\/p>\n\n\n\n<p>8.4. Polizei: 3A \u2013 5+6 Stunde<br>13.4. Polizei: 3B \u2013 1+2 Stunde, 3+4 Stunde 2B<br>14.4. Erste Hilfe Kurs 4B (6h)<br>15.4. Erste Hilfe Kurs 4B (5h)<br>16.4. Erste Hilfe Kurs 4B (6h)<br>17.4. Big Bang Festival \u2013 Festspielhaus: 1AB<br>21.4. Mauthausen 4AB<br>22.4. Elternsprechtag, ab 16 Uhr<br>23.4. Polizei: 2A<br><\/p>\n\n\n\n<p class=\"has-text-align-center\"><strong>MAI 2026<\/strong> <\/p>\n\n\n\n<p>15.5. Autonomer Tag<br>28.5. Filmpremiere Hollywood Megaplex<\/p>\n\n\n\n<p class=\"has-text-align-center\"><strong>JUNI 2026<\/strong><\/p>\n\n\n\n<p class=\"has-text-align-left\"><br>2.6. Talentecheck 3. Klassen Neu<br>10. \u2013 12.6. Wientage 4AB Br\/May\/Neu\/Wi<br>12.6. Schulfest<br>19.6. (Ersatztermin Schulfest)<br>24.6. Notenkonferen<\/p>\n\n\n\n<p><\/p>\n\n\n\n<p class=\"has-text-align-center\"><strong>JULI 2026<\/strong><\/p>\n\n\n\n<p class=\"has-text-align-left\">3.7. Zeugnis<strong><br><\/strong><\/p>\n\n\n\n<hr class=\"wp-block-separator has-alpha-channel-opacity\"\/>\n\n\n\n<hr class=\"wp-block-separator has-alpha-channel-opacity\"\/>\n\n\n\n<div class=\"wp-block-group is-nowrap is-layout-flex wp-container-core-group-is-layout-ad2f72ca wp-block-group-is-layout-flex\">\n<p><\/p>\n\n\n\n<p><\/p>\n\n\n\n<p><\/p>\n<\/div>\n\n\n\n<p><\/p>\n","protected":false},"excerpt":{"rendered":"<p>SEPTEMBER 2025 3.9. Klassenforen: 1A+1B: 18:30, 4A und 4B: 19:004.9. Talentecheck Wifi (8:00 \u2013 13:45) 49.9. Schulfotos10.9. Wandertag 2AB Rudolfsh\u00f6he, 4AB Paudorf12.9. Grow Festival 415. \u2013 19.9. Sportwoche Flachau 4AB17.9. 3C im Landesmuseum22.9. Einschulung der Sch\u00fclerlotsen22.9. Schulentwicklungsberatung ab 15 Uhr22.9. Beratungstermine 423.9. AMS BIZ 4 (13:30 \u2013 15:30)24.9. Klassenforen 2 + 3.: 17:00; Schulforum: 18:00;&hellip;<\/p>\n<p class=\"more-link\"><a href=\"https:\/\/nmsstpoelten-viehofen.ac.at\/?page_id=60\" class=\"themebutton2\">Read More<\/a><\/p>\n","protected":false},"author":1,"featured_media":0,"parent":0,"menu_order":0,"comment_status":"closed","ping_status":"closed","template":"","meta":{"footnotes":""},"class_list":["post-60","page","type-page","status-publish","hentry"],"_links":{"self":[{"href":"https:\/\/nmsstpoelten-viehofen.ac.at\/index.php?rest_route=\/wp\/v2\/pages\/60","targetHints":{"allow":["GET"]}}],"collection":[{"href":"https:\/\/nmsstpoelten-viehofen.ac.at\/index.php?rest_route=\/wp\/v2\/pages"}],"about":[{"href":"https:\/\/nmsstpoelten-viehofen.ac.at\/index.php?rest_route=\/wp\/v2\/types\/page"}],"author":[{"embeddable":true,"href":"https:\/\/nmsstpoelten-viehofen.ac.at\/index.php?rest_route=\/wp\/v2\/users\/1"}],"replies":[{"embeddable":true,"href":"https:\/\/nmsstpoelten-viehofen.ac.at\/index.php?rest_route=%2Fwp%2Fv2%2Fcomments&post=60"}],"version-history":[{"count":32,"href":"https:\/\/nmsstpoelten-viehofen.ac.at\/index.php?rest_route=\/wp\/v2\/pages\/60\/revisions"}],"predecessor-version":[{"id":949,"href":"https:\/\/nmsstpoelten-viehofen.ac.at\/index.php?rest_route=\/wp\/v2\/pages\/60\/revisions\/949"}],"wp:attachment":[{"href":"https:\/\/nmsstpoelten-viehofen.ac.at\/index.php?rest_route=%2Fwp%2Fv2%2Fmedia&parent=60"}],"curies":[{"name":"wp","href":"https:\/\/api.w.org\/{rel}","templated":true}]}}