{"id":79,"date":"2024-06-12T21:25:54","date_gmt":"2024-06-12T19:25:54","guid":{"rendered":"https:\/\/nmsstpoelten-viehofen.ac.at\/?page_id=79"},"modified":"2024-11-14T16:01:59","modified_gmt":"2024-11-14T15:01:59","slug":"jazzdance","status":"publish","type":"page","link":"https:\/\/nmsstpoelten-viehofen.ac.at\/?page_id=79","title":{"rendered":"FunDANCE"},"content":{"rendered":"\n<div class=\"wp-block-columns is-layout-flex wp-container-core-columns-is-layout-9d6595d7 wp-block-columns-is-layout-flex\">\n<div class=\"wp-block-column is-layout-flow wp-block-column-is-layout-flow\" style=\"flex-basis:33.34%\">\n<figure class=\"wp-block-image size-full\"><img loading=\"lazy\" decoding=\"async\" width=\"1024\" height=\"768\" src=\"https:\/\/nmsstpoelten-viehofen.ac.at\/wp-content\/uploads\/2024\/07\/justdance1.jpg\" alt=\"\" class=\"wp-image-318\" srcset=\"https:\/\/nmsstpoelten-viehofen.ac.at\/wp-content\/uploads\/2024\/07\/justdance1.jpg 1024w, https:\/\/nmsstpoelten-viehofen.ac.at\/wp-content\/uploads\/2024\/07\/justdance1-300x225.jpg 300w, https:\/\/nmsstpoelten-viehofen.ac.at\/wp-content\/uploads\/2024\/07\/justdance1-768x576.jpg 768w\" sizes=\"auto, (max-width: 1024px) 100vw, 1024px\" \/><\/figure>\n<\/div>\n\n\n\n<div class=\"wp-block-column is-layout-flow wp-block-column-is-layout-flow\" style=\"flex-basis:33.34%\">\n<figure class=\"wp-block-image size-full\"><img loading=\"lazy\" decoding=\"async\" width=\"1024\" height=\"682\" src=\"https:\/\/nmsstpoelten-viehofen.ac.at\/wp-content\/uploads\/2024\/07\/justdance2.jpg\" alt=\"\" class=\"wp-image-320\" srcset=\"https:\/\/nmsstpoelten-viehofen.ac.at\/wp-content\/uploads\/2024\/07\/justdance2.jpg 1024w, https:\/\/nmsstpoelten-viehofen.ac.at\/wp-content\/uploads\/2024\/07\/justdance2-300x200.jpg 300w, https:\/\/nmsstpoelten-viehofen.ac.at\/wp-content\/uploads\/2024\/07\/justdance2-768x512.jpg 768w, https:\/\/nmsstpoelten-viehofen.ac.at\/wp-content\/uploads\/2024\/07\/justdance2-380x254.jpg 380w\" sizes=\"auto, (max-width: 1024px) 100vw, 1024px\" \/><\/figure>\n<\/div>\n\n\n\n<div class=\"wp-block-column is-layout-flow wp-block-column-is-layout-flow\" style=\"flex-basis:33.33%\">\n<figure class=\"wp-block-image size-full\"><img loading=\"lazy\" decoding=\"async\" width=\"909\" height=\"682\" src=\"https:\/\/nmsstpoelten-viehofen.ac.at\/wp-content\/uploads\/2024\/07\/justDAncekl.jpg\" alt=\"\" class=\"wp-image-322\" srcset=\"https:\/\/nmsstpoelten-viehofen.ac.at\/wp-content\/uploads\/2024\/07\/justDAncekl.jpg 909w, https:\/\/nmsstpoelten-viehofen.ac.at\/wp-content\/uploads\/2024\/07\/justDAncekl-300x225.jpg 300w, https:\/\/nmsstpoelten-viehofen.ac.at\/wp-content\/uploads\/2024\/07\/justDAncekl-768x576.jpg 768w\" sizes=\"auto, (max-width: 909px) 100vw, 909px\" \/><\/figure>\n<\/div>\n<\/div>\n\n\n\n<p>Und 5,6,7,8! Das Allersch\u00f6nste, was F\u00fc\u00dfe tun k\u00f6nnen, ist <strong>TANZEN<\/strong>!<\/p>\n\n\n\n<p>Egal zu welcher Musik, zu welchem Beat, ob Modern, Hip-Hop, Boogie, Folkloret\u00e4nze, bei den <strong>DANCE-CREW \u2013 \u201eNORDLICHTERN<\/strong>\u201c, kurz und gut <strong>D.C.N<\/strong>, bewegt sich der K\u00f6rper fast von allein.<\/p>\n\n\n\n<p>Die <strong>DANCE CREW- \u201eNORDLICHTER<\/strong>\u201c bringen gemeinsam mit den <strong>Theaterkids<\/strong> <strong>\u201eNORDLICHTERN\u201c <\/strong>die B\u00fchne in unserem Schultheater zum Beben. Der Rhythmus der Musik und die Bewegungen schaffen einen Cocktail aus Gl\u00fcckshormonen, den unser Publikum jedes Jahr aufs Neue genie\u00dfen darf.<\/p>\n\n\n\n<p>Ein Nordlichtt\u00e4nzer\/Eine Nordlichtt\u00e4nzerin lernt eine emotionale Sprache und nicht nur das &#8211; die Moves st\u00e4rken die Beine, den R\u00fccken und sogar das Gehirn schwingt jedes Mal das Tanzbein mit. Egal wie du dich zu einer Musik bewegst, eins ist sicher: Wenn du voller Lebensfreude tanzt und gute Laune ausstrahlst, dann bist du jetzt schon ein Teil der <strong>DANCE CREW \u2013 \u201eNORDLICHTER\u201c.<\/strong><\/p>\n","protected":false},"excerpt":{"rendered":"<p>Und 5,6,7,8! Das Allersch\u00f6nste, was F\u00fc\u00dfe tun k\u00f6nnen, ist TANZEN! Egal zu welcher Musik, zu welchem Beat, ob Modern, Hip-Hop, Boogie, Folkloret\u00e4nze, bei den DANCE-CREW \u2013 \u201eNORDLICHTERN\u201c, kurz und gut D.C.N, bewegt sich der K\u00f6rper fast von allein. Die DANCE CREW- \u201eNORDLICHTER\u201c bringen gemeinsam mit den Theaterkids \u201eNORDLICHTERN\u201c die B\u00fchne in unserem Schultheater zum Beben.&hellip;<\/p>\n<p class=\"more-link\"><a href=\"https:\/\/nmsstpoelten-viehofen.ac.at\/?page_id=79\" class=\"themebutton2\">Read More<\/a><\/p>\n","protected":false},"author":1,"featured_media":0,"parent":0,"menu_order":0,"comment_status":"closed","ping_status":"closed","template":"","meta":{"footnotes":""},"class_list":["post-79","page","type-page","status-publish","hentry"],"_links":{"self":[{"href":"https:\/\/nmsstpoelten-viehofen.ac.at\/index.php?rest_route=\/wp\/v2\/pages\/79","targetHints":{"allow":["GET"]}}],"collection":[{"href":"https:\/\/nmsstpoelten-viehofen.ac.at\/index.php?rest_route=\/wp\/v2\/pages"}],"about":[{"href":"https:\/\/nmsstpoelten-viehofen.ac.at\/index.php?rest_route=\/wp\/v2\/types\/page"}],"author":[{"embeddable":true,"href":"https:\/\/nmsstpoelten-viehofen.ac.at\/index.php?rest_route=\/wp\/v2\/users\/1"}],"replies":[{"embeddable":true,"href":"https:\/\/nmsstpoelten-viehofen.ac.at\/index.php?rest_route=%2Fwp%2Fv2%2Fcomments&post=79"}],"version-history":[{"count":4,"href":"https:\/\/nmsstpoelten-viehofen.ac.at\/index.php?rest_route=\/wp\/v2\/pages\/79\/revisions"}],"predecessor-version":[{"id":447,"href":"https:\/\/nmsstpoelten-viehofen.ac.at\/index.php?rest_route=\/wp\/v2\/pages\/79\/revisions\/447"}],"wp:attachment":[{"href":"https:\/\/nmsstpoelten-viehofen.ac.at\/index.php?rest_route=%2Fwp%2Fv2%2Fmedia&parent=79"}],"curies":[{"name":"wp","href":"https:\/\/api.w.org\/{rel}","templated":true}]}}