{"id":83,"date":"2024-06-12T21:27:41","date_gmt":"2024-06-12T19:27:41","guid":{"rendered":"https:\/\/nmsstpoelten-viehofen.ac.at\/?page_id=83"},"modified":"2024-07-09T15:56:18","modified_gmt":"2024-07-09T13:56:18","slug":"aktiv-und-kreativ","status":"publish","type":"page","link":"https:\/\/nmsstpoelten-viehofen.ac.at\/?page_id=83","title":{"rendered":"Aktiv &amp; Kreativ"},"content":{"rendered":"\n<p>Die MS St. P\u00f6lten-Viehofen bietet den Sch\u00fcler:innen diverse M\u00f6glichkeiten ihre Interessen zu vertiefen und sich m\u00f6glichst frei und kreativ entfalten und entwickeln zu k\u00f6nnen. <\/p>\n\n\n<div class=\"wp-block-image\">\n<figure class=\"aligncenter size-full\"><img loading=\"lazy\" decoding=\"async\" width=\"448\" height=\"299\" src=\"https:\/\/nmsstpoelten-viehofen.ac.at\/wp-content\/uploads\/2024\/06\/DSC_0966_1.jpg\" alt=\"Foto der Filmpremiere des Schulfilms &quot;Nichts als Schule&quot;\" class=\"wp-image-114\" srcset=\"https:\/\/nmsstpoelten-viehofen.ac.at\/wp-content\/uploads\/2024\/06\/DSC_0966_1.jpg 448w, https:\/\/nmsstpoelten-viehofen.ac.at\/wp-content\/uploads\/2024\/06\/DSC_0966_1-300x200.jpg 300w, https:\/\/nmsstpoelten-viehofen.ac.at\/wp-content\/uploads\/2024\/06\/DSC_0966_1-380x254.jpg 380w\" sizes=\"auto, (max-width: 448px) 100vw, 448px\" \/><\/figure>\n<\/div>","protected":false},"excerpt":{"rendered":"<p>Die MS St. P\u00f6lten-Viehofen bietet den Sch\u00fcler:innen diverse M\u00f6glichkeiten ihre Interessen zu vertiefen und sich m\u00f6glichst frei und kreativ entfalten und entwickeln zu k\u00f6nnen.<\/p>\n","protected":false},"author":1,"featured_media":0,"parent":0,"menu_order":0,"comment_status":"closed","ping_status":"closed","template":"","meta":{"footnotes":""},"class_list":["post-83","page","type-page","status-publish","hentry"],"_links":{"self":[{"href":"https:\/\/nmsstpoelten-viehofen.ac.at\/index.php?rest_route=\/wp\/v2\/pages\/83","targetHints":{"allow":["GET"]}}],"collection":[{"href":"https:\/\/nmsstpoelten-viehofen.ac.at\/index.php?rest_route=\/wp\/v2\/pages"}],"about":[{"href":"https:\/\/nmsstpoelten-viehofen.ac.at\/index.php?rest_route=\/wp\/v2\/types\/page"}],"author":[{"embeddable":true,"href":"https:\/\/nmsstpoelten-viehofen.ac.at\/index.php?rest_route=\/wp\/v2\/users\/1"}],"replies":[{"embeddable":true,"href":"https:\/\/nmsstpoelten-viehofen.ac.at\/index.php?rest_route=%2Fwp%2Fv2%2Fcomments&post=83"}],"version-history":[{"count":4,"href":"https:\/\/nmsstpoelten-viehofen.ac.at\/index.php?rest_route=\/wp\/v2\/pages\/83\/revisions"}],"predecessor-version":[{"id":373,"href":"https:\/\/nmsstpoelten-viehofen.ac.at\/index.php?rest_route=\/wp\/v2\/pages\/83\/revisions\/373"}],"wp:attachment":[{"href":"https:\/\/nmsstpoelten-viehofen.ac.at\/index.php?rest_route=%2Fwp%2Fv2%2Fmedia&parent=83"}],"curies":[{"name":"wp","href":"https:\/\/api.w.org\/{rel}","templated":true}]}}